{"id":423,"date":"2021-06-06T19:31:56","date_gmt":"2021-06-06T19:31:56","guid":{"rendered":"http:\/\/grupoampesquisa.com\/?page_id=423"},"modified":"2022-07-19T13:49:23","modified_gmt":"2022-07-19T13:49:23","slug":"question","status":"publish","type":"page","link":"https:\/\/grupoampesquisa.com\/","title":{"rendered":"Question"},"content":{"rendered":"\t\t<div data-elementor-type=\"wp-page\" data-elementor-id=\"423\" class=\"elementor elementor-423\">\n\t\t\t\t\t\t\t\t\t<section class=\"elementor-section elementor-top-section elementor-element elementor-element-bb36b7c elementor-section-boxed elementor-section-height-default elementor-section-height-default\" data-id=\"bb36b7c\" data-element_type=\"section\">\n\t\t\t\t\t\t<div class=\"elementor-container elementor-column-gap-default\">\n\t\t\t\t\t<div class=\"elementor-column elementor-col-100 elementor-top-column elementor-element elementor-element-85f2f36\" data-id=\"85f2f36\" data-element_type=\"column\">\n\t\t\t<div class=\"elementor-widget-wrap elementor-element-populated\">\n\t\t\t\t\t\t\t\t<div class=\"elementor-element elementor-element-84f5357 elementor-widget elementor-widget-image\" data-id=\"84f5357\" data-element_type=\"widget\" data-widget_type=\"image.default\">\n\t\t\t\t<div class=\"elementor-widget-container\">\n\t\t\t\t\t\t\t\t\t\t\t\t\t\t\t<img loading=\"lazy\" decoding=\"async\" width=\"798\" height=\"511\" src=\"https:\/\/grupoampesquisa.com\/wp-content\/uploads\/2021\/10\/Logo_2020-01-1.png\" class=\"attachment-large size-large wp-image-691\" alt=\"\" srcset=\"https:\/\/grupoampesquisa.com\/wp-content\/uploads\/2021\/10\/Logo_2020-01-1.png 798w, https:\/\/grupoampesquisa.com\/wp-content\/uploads\/2021\/10\/Logo_2020-01-1-300x192.png 300w, https:\/\/grupoampesquisa.com\/wp-content\/uploads\/2021\/10\/Logo_2020-01-1-768x492.png 768w\" sizes=\"auto, (max-width: 798px) 100vw, 798px\" \/>\t\t\t\t\t\t\t\t\t\t\t\t\t\t\t<\/div>\n\t\t\t\t<\/div>\n\t\t\t\t\t<\/div>\n\t\t<\/div>\n\t\t\t\t\t\t\t<\/div>\n\t\t<\/section>\n\t\t\t\t<section class=\"elementor-section elementor-top-section elementor-element elementor-element-121f12e elementor-section-boxed elementor-section-height-default elementor-section-height-default\" data-id=\"121f12e\" data-element_type=\"section\">\n\t\t\t\t\t\t<div class=\"elementor-container elementor-column-gap-default\">\n\t\t\t\t\t<div class=\"elementor-column elementor-col-100 elementor-top-column elementor-element elementor-element-8a682b6\" data-id=\"8a682b6\" data-element_type=\"column\">\n\t\t\t<div class=\"elementor-widget-wrap elementor-element-populated\">\n\t\t\t\t\t\t\t\t<div class=\"elementor-element elementor-element-2c15d3f elementor-widget__width-inherit ekit_wpForms_container-form-button-full-width elementor-invisible elementor-widget elementor-widget-elementskit-wp-forms\" data-id=\"2c15d3f\" data-element_type=\"widget\" data-settings=\"{&quot;_animation&quot;:&quot;fadeIn&quot;}\" data-widget_type=\"elementskit-wp-forms.default\">\n\t\t\t\t<div class=\"elementor-widget-container\">\n\t\t\t<div class=\"ekit-wid-con ekit_wpForms_container\"><div class=\"wpforms-container \" id=\"wpforms-696\"><form id=\"wpforms-form-696\" class=\"wpforms-validate wpforms-form\" data-formid=\"696\" method=\"post\" enctype=\"multipart\/form-data\" action=\"\/index.php?rest_route=%2Fwp%2Fv2%2Fpages%2F423\" data-token=\"4bf66dddfc0b387bd5c8bc19b08e571b\"><noscript class=\"wpforms-error-noscript\">Please enable JavaScript in your browser to complete this form.<\/noscript><div class=\"wpforms-field-container\"><div id=\"wpforms-696-field_8-container\" class=\"wpforms-field wpforms-field-checkbox wpforms-list-inline\" data-field-id=\"8\"><label class=\"wpforms-field-label\" for=\"wpforms-696-field_8\">Em uma escala de 0 a 10, qual a probabilidade de voc\u00ea recomendar nossa loja para uma colega, parente ou amiga? <span class=\"wpforms-required-label\">*<\/span><\/label><ul id=\"wpforms-696-field_8\" class=\"wpforms-field-required wpforms-image-choices wpforms-image-choices-classic\" data-choice-limit=\"1\"><li class=\"choice-15 depth-1 wpforms-image-choices-item\"><label class=\"wpforms-field-label-inline\" for=\"wpforms-696-field_8_15\" tabindex=\"0\"><span class=\"wpforms-image-choices-image\"><img decoding=\"async\" src=\"http:\/\/grupoampesquisa.com\/wp-content\/uploads\/2021\/06\/Camada-2-2.png\" alt=\"0\"><\/span><input type=\"checkbox\" id=\"wpforms-696-field_8_15\" class=\"wpforms-screen-reader-element\" data-rule-check-limit=\"true\" name=\"wpforms[fields][8][]\" value=\"0\" tabindex=\"-1\" required ><span class=\"wpforms-image-choices-label\">0<\/span><\/label><\/li><li class=\"choice-1 depth-1 wpforms-image-choices-item\"><label class=\"wpforms-field-label-inline\" for=\"wpforms-696-field_8_1\" tabindex=\"0\"><span class=\"wpforms-image-choices-image\"><img decoding=\"async\" src=\"http:\/\/grupoampesquisa.com\/wp-content\/uploads\/2021\/06\/Camada-1.png\" alt=\"1\" title=\"1\"><\/span><input type=\"checkbox\" id=\"wpforms-696-field_8_1\" class=\"wpforms-screen-reader-element\" data-rule-check-limit=\"true\" name=\"wpforms[fields][8][]\" value=\"1\" tabindex=\"-1\" required ><span class=\"wpforms-image-choices-label\">1<\/span><\/label><\/li><li class=\"choice-2 depth-1 wpforms-image-choices-item\"><label class=\"wpforms-field-label-inline\" for=\"wpforms-696-field_8_2\" tabindex=\"0\"><span class=\"wpforms-image-choices-image\"><img decoding=\"async\" src=\"http:\/\/grupoampesquisa.com\/wp-content\/uploads\/2021\/06\/Camada-11.png\" alt=\"2\" title=\"2\"><\/span><input type=\"checkbox\" id=\"wpforms-696-field_8_2\" class=\"wpforms-screen-reader-element\" data-rule-check-limit=\"true\" name=\"wpforms[fields][8][]\" value=\"2\" tabindex=\"-1\" required ><span class=\"wpforms-image-choices-label\">2<\/span><\/label><\/li><li class=\"choice-3 depth-1 wpforms-image-choices-item\"><label class=\"wpforms-field-label-inline\" for=\"wpforms-696-field_8_3\" tabindex=\"0\"><span class=\"wpforms-image-choices-image\"><img decoding=\"async\" src=\"http:\/\/grupoampesquisa.com\/wp-content\/uploads\/2021\/06\/Camada-3.png\" alt=\"3\" title=\"3\"><\/span><input type=\"checkbox\" id=\"wpforms-696-field_8_3\" class=\"wpforms-screen-reader-element\" data-rule-check-limit=\"true\" name=\"wpforms[fields][8][]\" value=\"3\" tabindex=\"-1\" required ><span class=\"wpforms-image-choices-label\">3<\/span><\/label><\/li><li class=\"choice-4 depth-1 wpforms-image-choices-item\"><label class=\"wpforms-field-label-inline\" for=\"wpforms-696-field_8_4\" tabindex=\"0\"><span class=\"wpforms-image-choices-image\"><img decoding=\"async\" src=\"http:\/\/grupoampesquisa.com\/wp-content\/uploads\/2021\/06\/Camada-4.png\" alt=\"4\" title=\"4\"><\/span><input type=\"checkbox\" id=\"wpforms-696-field_8_4\" class=\"wpforms-screen-reader-element\" data-rule-check-limit=\"true\" name=\"wpforms[fields][8][]\" value=\"4\" tabindex=\"-1\" required ><span class=\"wpforms-image-choices-label\">4<\/span><\/label><\/li><li class=\"choice-5 depth-1 wpforms-image-choices-item\"><label class=\"wpforms-field-label-inline\" for=\"wpforms-696-field_8_5\" tabindex=\"0\"><span class=\"wpforms-image-choices-image\"><img decoding=\"async\" src=\"http:\/\/grupoampesquisa.com\/wp-content\/uploads\/2021\/06\/Camada-5.png\" alt=\"5\" title=\"5\"><\/span><input type=\"checkbox\" id=\"wpforms-696-field_8_5\" class=\"wpforms-screen-reader-element\" data-rule-check-limit=\"true\" name=\"wpforms[fields][8][]\" value=\"5\" tabindex=\"-1\" required ><span class=\"wpforms-image-choices-label\">5<\/span><\/label><\/li><li class=\"choice-6 depth-1 wpforms-image-choices-item\"><label class=\"wpforms-field-label-inline\" for=\"wpforms-696-field_8_6\" tabindex=\"0\"><span class=\"wpforms-image-choices-image\"><img decoding=\"async\" src=\"http:\/\/grupoampesquisa.com\/wp-content\/uploads\/2021\/06\/Camada-6.png\" alt=\"6\" title=\"6\"><\/span><input type=\"checkbox\" id=\"wpforms-696-field_8_6\" class=\"wpforms-screen-reader-element\" data-rule-check-limit=\"true\" name=\"wpforms[fields][8][]\" value=\"6\" tabindex=\"-1\" required ><span class=\"wpforms-image-choices-label\">6<\/span><\/label><\/li><li class=\"choice-14 depth-1 wpforms-image-choices-item\"><label class=\"wpforms-field-label-inline\" for=\"wpforms-696-field_8_14\" tabindex=\"0\"><span class=\"wpforms-image-choices-image\"><img decoding=\"async\" src=\"http:\/\/grupoampesquisa.com\/wp-content\/uploads\/2021\/06\/Camada-7.png\" alt=\"7\" title=\"7\"><\/span><input type=\"checkbox\" id=\"wpforms-696-field_8_14\" class=\"wpforms-screen-reader-element\" data-rule-check-limit=\"true\" name=\"wpforms[fields][8][]\" value=\"7\" tabindex=\"-1\" required ><span class=\"wpforms-image-choices-label\">7<\/span><\/label><\/li><li class=\"choice-9 depth-1 wpforms-image-choices-item\"><label class=\"wpforms-field-label-inline\" for=\"wpforms-696-field_8_9\" tabindex=\"0\"><span class=\"wpforms-image-choices-image\"><img decoding=\"async\" src=\"http:\/\/grupoampesquisa.com\/wp-content\/uploads\/2021\/06\/Camada-8.png\" alt=\"8\" title=\"8\"><\/span><input type=\"checkbox\" id=\"wpforms-696-field_8_9\" class=\"wpforms-screen-reader-element\" data-rule-check-limit=\"true\" name=\"wpforms[fields][8][]\" value=\"8\" tabindex=\"-1\" required ><span class=\"wpforms-image-choices-label\">8<\/span><\/label><\/li><li class=\"choice-8 depth-1 wpforms-image-choices-item\"><label class=\"wpforms-field-label-inline\" for=\"wpforms-696-field_8_8\" tabindex=\"0\"><span class=\"wpforms-image-choices-image\"><img decoding=\"async\" src=\"http:\/\/grupoampesquisa.com\/wp-content\/uploads\/2021\/06\/Camada-9.png\" alt=\"9\" title=\"9\"><\/span><input type=\"checkbox\" id=\"wpforms-696-field_8_8\" class=\"wpforms-screen-reader-element\" data-rule-check-limit=\"true\" name=\"wpforms[fields][8][]\" value=\"9\" tabindex=\"-1\" required ><span class=\"wpforms-image-choices-label\">9<\/span><\/label><\/li><li class=\"choice-10 depth-1 wpforms-image-choices-item\"><label class=\"wpforms-field-label-inline\" for=\"wpforms-696-field_8_10\" tabindex=\"0\"><span class=\"wpforms-image-choices-image\"><img decoding=\"async\" src=\"http:\/\/grupoampesquisa.com\/wp-content\/uploads\/2021\/06\/Camada-10.png\" alt=\"10\" title=\"10\"><\/span><input type=\"checkbox\" id=\"wpforms-696-field_8_10\" class=\"wpforms-screen-reader-element\" data-rule-check-limit=\"true\" name=\"wpforms[fields][8][]\" value=\"10\" tabindex=\"-1\" required ><span class=\"wpforms-image-choices-label\">10<\/span><\/label><\/li><\/ul><\/div><div id=\"wpforms-696-field_14-container\" class=\"wpforms-field wpforms-field-text hidden noshow\" data-field-id=\"14\"><label class=\"wpforms-field-label\" for=\"wpforms-696-field_14\">Nome da Loja<\/label><input type=\"text\" id=\"wpforms-696-field_14\" class=\"wpforms-field-medium\" name=\"wpforms[fields][14]\" value=\"CB - OTICA\" ><\/div><div id=\"wpforms-696-field_2-container\" class=\"wpforms-field wpforms-field-name name\" data-field-id=\"2\"><label class=\"wpforms-field-label\" for=\"wpforms-696-field_2\">Nome<\/label><input type=\"text\" id=\"wpforms-696-field_2\" class=\"wpforms-field-medium\" name=\"wpforms[fields][2]\" ><div class=\"wpforms-field-description\">Voc\u00ea n\u00e3o precisa se identificar se n\u00e3o quiser!<\/div><\/div><div id=\"wpforms-696-field_1-container\" class=\"wpforms-field wpforms-field-text msg space\" data-field-id=\"1\"><label class=\"wpforms-field-label\" for=\"wpforms-696-field_1\">Deixe sua mensagem!<\/label><input type=\"text\" id=\"wpforms-696-field_1\" class=\"wpforms-field-medium\" name=\"wpforms[fields][1]\" ><div class=\"wpforms-field-description\">Quer falar mais?\r\nSe abre com a gente aqui!<\/div><\/div><\/div><!-- .wpforms-field-container --><div class=\"wpforms-submit-container\" ><input type=\"hidden\" name=\"wpforms[id]\" value=\"696\"><input type=\"hidden\" name=\"wpforms[author]\" value=\"1\"><button type=\"submit\" name=\"wpforms[submit]\" id=\"wpforms-submit-696\" class=\"wpforms-submit\" data-alt-text=\"Enviando...\" data-submit-text=\"Enviar\" aria-live=\"assertive\" value=\"wpforms-submit\">Enviar<\/button><\/div><\/form><\/div>  <!-- .wpforms-container --><\/div>\t\t<\/div>\n\t\t\t\t<\/div>\n\t\t\t\t<div class=\"elementor-element elementor-element-4943878 elementor-widget elementor-widget-html\" data-id=\"4943878\" data-element_type=\"widget\" data-widget_type=\"html.default\">\n\t\t\t\t<div class=\"elementor-widget-container\">\n\t\t\t<script>\n  \n   \n   function enviando(){\n        var a = document.getElementById('wpforms[fields][8][]-error')\n   \n   if(a){\n       a.innerHTML = 'Voc\u00ea S\u00f3 pode escolher uma alternativa!'\n   }}\n   \n   \n   setInterval(enviando, 100)\n   \n  \n<\/script>\t\t<\/div>\n\t\t\t\t<\/div>\n\t\t\t\t\t<\/div>\n\t\t<\/div>\n\t\t\t\t\t\t\t<\/div>\n\t\t<\/section>\n\t\t\t\t\t\t\t<\/div>\n\t\t","protected":false},"excerpt":{"rendered":"<p>Please enable JavaScript in your browser to complete this form.Em uma escala de 0 a 10, qual a probabilidade de voc\u00ea recomendar nossa loja para uma colega, parente ou amiga? * 0 1 2 3 4 5 6 7 8 9 10 Nome da LojaNomeVoc\u00ea n\u00e3o precisa se identificar se n\u00e3o quiser!Deixe sua mensagem!Quer falar &hellip;<\/p>\n<p class=\"read-more\"> <a class=\"\" href=\"https:\/\/grupoampesquisa.com\/\"> <span class=\"screen-reader-text\">Question<\/span> Read More &raquo;<\/a><\/p>\n","protected":false},"author":1,"featured_media":0,"parent":0,"menu_order":0,"comment_status":"closed","ping_status":"closed","template":"elementor_canvas","meta":{"_mi_skip_tracking":false,"_monsterinsights_sitenote_active":false,"_monsterinsights_sitenote_note":"","_monsterinsights_sitenote_category":0,"footnotes":""},"class_list":["post-423","page","type-page","status-publish","hentry"],"_links":{"self":[{"href":"https:\/\/grupoampesquisa.com\/index.php?rest_route=\/wp\/v2\/pages\/423","targetHints":{"allow":["GET"]}}],"collection":[{"href":"https:\/\/grupoampesquisa.com\/index.php?rest_route=\/wp\/v2\/pages"}],"about":[{"href":"https:\/\/grupoampesquisa.com\/index.php?rest_route=\/wp\/v2\/types\/page"}],"author":[{"embeddable":true,"href":"https:\/\/grupoampesquisa.com\/index.php?rest_route=\/wp\/v2\/users\/1"}],"replies":[{"embeddable":true,"href":"https:\/\/grupoampesquisa.com\/index.php?rest_route=%2Fwp%2Fv2%2Fcomments&post=423"}],"version-history":[{"count":62,"href":"https:\/\/grupoampesquisa.com\/index.php?rest_route=\/wp\/v2\/pages\/423\/revisions"}],"predecessor-version":[{"id":818,"href":"https:\/\/grupoampesquisa.com\/index.php?rest_route=\/wp\/v2\/pages\/423\/revisions\/818"}],"wp:attachment":[{"href":"https:\/\/grupoampesquisa.com\/index.php?rest_route=%2Fwp%2Fv2%2Fmedia&parent=423"}],"curies":[{"name":"wp","href":"https:\/\/api.w.org\/{rel}","templated":true}]}}